{"id":2,"date":"2013-11-06T11:55:36","date_gmt":"2013-11-06T11:55:36","guid":{"rendered":"https:\/\/systemcar.com.ar\/blog\/?page_id=2"},"modified":"2026-03-29T20:41:58","modified_gmt":"2026-03-29T20:41:58","slug":"pagina-ejemplo","status":"publish","type":"page","link":"https:\/\/systemcar.com.ar\/blog\/pagina-ejemplo\/","title":{"rendered":"Quienes Somos?"},"content":{"rendered":"<p>SyStem Car<\/p>\n<blockquote>\n<p data-start=\"19\" data-end=\"326\">En <strong data-start=\"22\" data-end=\"36\">System Car<\/strong> somos una empresa familiar con m\u00e1s de 24 a\u00f1os de experiencia dedicada a brindar soluciones integrales en electr\u00f3nica y mec\u00e1nica automotriz. A lo largo de nuestra trayectoria, hemos construido una reputaci\u00f3n basada en la confianza, la responsabilidad y la calidad de cada trabajo realizado.<\/p>\n<p data-start=\"328\" data-end=\"800\">Nos especializamos en el diagn\u00f3stico y reparaci\u00f3n de sistemas el\u00e9ctricos y electr\u00f3nicos del autom\u00f3vil, ofreciendo servicios como reparaci\u00f3n de alzacristales, cerraduras y sistemas de cierre centralizado. Tambi\u00e9n trabajamos en alternadores y motores de arranque para veh\u00edculos nafta, as\u00ed como en la reparaci\u00f3n y programaci\u00f3n de ECUs, tableros y llaves codificadas. Adem\u00e1s, realizamos desinmovilizaci\u00f3n de ECU y la instalaci\u00f3n y mantenimiento de sensores de estacionamiento.<\/p>\n<p data-start=\"802\" data-end=\"1084\">Nuestro compromiso es brindar soluciones eficientes y duraderas, utilizando conocimientos actualizados y herramientas adecuadas para cada tipo de veh\u00edculo. Entendemos la importancia de tu autom\u00f3vil en el d\u00eda a d\u00eda, por eso trabajamos con rapidez, precisi\u00f3n y atenci\u00f3n personalizada.<\/p>\n<p data-start=\"1086\" data-end=\"1220\">Atendemos de lunes a viernes de 9:30 a 17:30 horas, incluyendo feriados, para ofrecerte un servicio accesible cuando m\u00e1s lo necesit\u00e1s.<\/p>\n<p data-start=\"1222\" data-end=\"1357\">Nos encontramos en Ituzaing\u00f3 1353, en la ciudad de Gualeguaych\u00fa, Entre R\u00edos. Para consultas o turnos, pod\u00e9s comunicarte al 3446 379745.<\/p>\n<p data-start=\"1359\" data-end=\"1481\" data-is-last-node=\"\" data-is-only-node=\"\">En System Car, combinamos experiencia, compromiso familiar y profesionalismo para cuidar tu veh\u00edculo como si fuera propio.<\/p>\n<\/blockquote>\n","protected":false},"excerpt":{"rendered":"<p>SyStem Car En System Car somos una empresa familiar con m\u00e1s de 24 a\u00f1os de experiencia &hellip; <a title=\"Quienes Somos?\" class=\"hm-read-more\" href=\"https:\/\/systemcar.com.ar\/blog\/pagina-ejemplo\/\"><span class=\"screen-reader-text\">Quienes Somos?<\/span>Leer m\u00e1s<\/a><\/p>\n","protected":false},"author":2,"featured_media":0,"parent":0,"menu_order":0,"comment_status":"open","ping_status":"open","template":"","meta":{"footnotes":""},"class_list":["post-2","page","type-page","status-publish","hentry"],"_links":{"self":[{"href":"https:\/\/systemcar.com.ar\/blog\/wp-json\/wp\/v2\/pages\/2","targetHints":{"allow":["GET"]}}],"collection":[{"href":"https:\/\/systemcar.com.ar\/blog\/wp-json\/wp\/v2\/pages"}],"about":[{"href":"https:\/\/systemcar.com.ar\/blog\/wp-json\/wp\/v2\/types\/page"}],"author":[{"embeddable":true,"href":"https:\/\/systemcar.com.ar\/blog\/wp-json\/wp\/v2\/users\/2"}],"replies":[{"embeddable":true,"href":"https:\/\/systemcar.com.ar\/blog\/wp-json\/wp\/v2\/comments?post=2"}],"version-history":[{"count":1,"href":"https:\/\/systemcar.com.ar\/blog\/wp-json\/wp\/v2\/pages\/2\/revisions"}],"predecessor-version":[{"id":19,"href":"https:\/\/systemcar.com.ar\/blog\/wp-json\/wp\/v2\/pages\/2\/revisions\/19"}],"wp:attachment":[{"href":"https:\/\/systemcar.com.ar\/blog\/wp-json\/wp\/v2\/media?parent=2"}],"curies":[{"name":"wp","href":"https:\/\/api.w.org\/{rel}","templated":true}]}}